{"id":3674,"date":"2021-02-11T08:38:52","date_gmt":"2021-02-11T07:38:52","guid":{"rendered":"https:\/\/www.proest-gmbh.de\/?page_id=3674"},"modified":"2025-05-28T14:42:17","modified_gmt":"2025-05-28T12:42:17","slug":"particulier","status":"publish","type":"page","link":"https:\/\/www.proest-gmbh.de\/en\/particulier\/","title":{"rendered":"Living"},"content":{"rendered":"<div class=\"fusion-fullwidth fullwidth-box fusion-builder-row-1 fusion-flex-container hundred-percent-fullwidth non-hundred-percent-height-scrolling\" style=\"--awb-border-radius-top-left:0px;--awb-border-radius-top-right:0px;--awb-border-radius-bottom-right:0px;--awb-border-radius-bottom-left:0px;--awb-flex-wrap:wrap;\" ><div class=\"fusion-builder-row fusion-row fusion-flex-align-items-flex-start fusion-flex-content-wrap\" style=\"width:104% !important;max-width:104% !important;margin-left: calc(-4% \/ 2 );margin-right: calc(-4% \/ 2 );\"><div class=\"fusion-layout-column fusion_builder_column fusion-builder-column-0 fusion_builder_column_1_1 1_1 fusion-flex-column\" style=\"--awb-bg-size:cover;--awb-width-large:100%;--awb-margin-top-large:0px;--awb-spacing-right-large:1.92%;--awb-margin-bottom-large:20px;--awb-spacing-left-large:1.92%;--awb-width-medium:100%;--awb-order-medium:0;--awb-spacing-right-medium:1.92%;--awb-spacing-left-medium:1.92%;--awb-width-small:100%;--awb-order-small:0;--awb-spacing-right-small:1.92%;--awb-spacing-left-small:1.92%;\"><div class=\"fusion-column-wrapper fusion-column-has-shadow fusion-flex-justify-content-flex-start fusion-content-layout-column\"><div class=\"fusion-title title fusion-title-1 fusion-sep-none fusion-title-text fusion-title-size-one\" style=\"--awb-margin-top-small:10px;--awb-margin-right-small:0px;--awb-margin-bottom-small:10px;--awb-margin-left-small:0px;\"><h1 class=\"fusion-title-heading title-heading-left\" style=\"margin:0;\">Living<\/h1><\/div><div class=\"fusion-recent-works fusion-portfolio-element fusion-portfolio fusion-portfolio-1 fusion-portfolio-grid fusion-portfolio-paging-infinite fusion-portfolio-four fusion-portfolio-no_text fusion-portfolio-rollover\" data-id=\"-rw-1\" data-columns=\"four\"><style type=\"text\/css\">.fusion-portfolio-1 .fusion-portfolio-wrapper .fusion-col-spacing{padding:5px;}<\/style><div class=\"fusion-portfolio-wrapper\" id=\"fusion-portfolio-1\" data-picturesize=\"fixed\" data-pages=\"1\" style=\"margin:-5px;\"><article id=\"portfolio-1-post-5255\" class=\"fusion-portfolio-post living fusion-col-spacing post-5255\"><div class=\"fusion-portfolio-content-wrapper\" style=\"border:none;\"><span class=\"entry-title rich-snippet-hidden\">Villa Den Haag<\/span><span class=\"vcard rich-snippet-hidden\"><span class=\"fn\"><a href=\"https:\/\/www.proest-gmbh.de\/en\/author\/jens\/\" title=\"Posts by K\u00c4SE+SENF\" rel=\"author\">K\u00c4SE+SENF<\/a><\/span><\/span><span class=\"updated rich-snippet-hidden\">2025-05-28T16:01:28+02:00<\/span><div  class=\"fusion-image-wrapper fusion-image-size-fixed\" aria-haspopup=\"true\">\n\t\t\t\t<img decoding=\"async\" width=\"600\" height=\"600\" src=\"https:\/\/www.proest-gmbh.de\/wp-content\/uploads\/08-proest-interior-villa-den-haag-600x600.webp\" class=\"attachment-portfolio-three size-portfolio-three wp-post-image\" alt=\"\" srcset=\"https:\/\/www.proest-gmbh.de\/wp-content\/uploads\/08-proest-interior-villa-den-haag-150x150.webp 150w, https:\/\/www.proest-gmbh.de\/wp-content\/uploads\/08-proest-interior-villa-den-haag-600x600.webp 600w\" sizes=\"(max-width: 600px) 100vw, 600px\" \/><div class=\"fusion-rollover\">\n\t<div class=\"fusion-rollover-content\">\n\n\t\t\t\t\n\t\t\n\t\t\t\t\t\t\t\t\t\t\t\t<h4 class=\"fusion-rollover-title\">\n\t\t\t\t\t<a class=\"fusion-rollover-title-link\" href=\"https:\/\/www.proest-gmbh.de\/en\/project\/villa-den-haag\/?portfolioCats=94\">\n\t\t\t\t\t\tVilla Den Haag\t\t\t\t\t<\/a>\n\t\t\t\t<\/h4>\n\t\t\t\n\t\t\t\t\t\t\t\t\n\t\t\n\t\t\t\t\t\t<a class=\"fusion-link-wrapper\" href=\"https:\/\/www.proest-gmbh.de\/en\/project\/villa-den-haag\/?portfolioCats=94\" aria-label=\"Villa Den Haag\"><\/a>\n\t<\/div>\n<\/div>\n<\/div>\n<\/div><\/article><article id=\"portfolio-1-post-3831\" class=\"fusion-portfolio-post living residential-en fusion-col-spacing post-3831\"><div class=\"fusion-portfolio-content-wrapper\" style=\"border:none;\"><span class=\"entry-title rich-snippet-hidden\">Grachtenhaus Amsterdam<\/span><span class=\"vcard rich-snippet-hidden\"><span class=\"fn\"><a href=\"https:\/\/www.proest-gmbh.de\/en\/author\/jens\/\" title=\"Posts by K\u00c4SE+SENF\" rel=\"author\">K\u00c4SE+SENF<\/a><\/span><\/span><span class=\"updated rich-snippet-hidden\">2025-05-28T16:02:19+02:00<\/span><div  class=\"fusion-image-wrapper fusion-image-size-fixed\" aria-haspopup=\"true\">\n\t\t\t\t<img decoding=\"async\" width=\"600\" height=\"600\" src=\"https:\/\/www.proest-gmbh.de\/wp-content\/uploads\/01-proest-interior-kuechenblock-naturstein-stahlfronten-luxushaus-amsterdam-gaggenau-600x600.webp\" class=\"attachment-portfolio-three size-portfolio-three wp-post-image\" alt=\"\" srcset=\"https:\/\/www.proest-gmbh.de\/wp-content\/uploads\/01-proest-interior-kuechenblock-naturstein-stahlfronten-luxushaus-amsterdam-gaggenau-150x150.webp 150w, https:\/\/www.proest-gmbh.de\/wp-content\/uploads\/01-proest-interior-kuechenblock-naturstein-stahlfronten-luxushaus-amsterdam-gaggenau-600x600.webp 600w\" sizes=\"(max-width: 600px) 100vw, 600px\" \/><div class=\"fusion-rollover\">\n\t<div class=\"fusion-rollover-content\">\n\n\t\t\t\t\n\t\t\n\t\t\t\t\t\t\t\t\t\t\t\t<h4 class=\"fusion-rollover-title\">\n\t\t\t\t\t<a class=\"fusion-rollover-title-link\" href=\"https:\/\/www.proest-gmbh.de\/en\/project\/grachtenhaus-amsterdam\/?portfolioCats=94\">\n\t\t\t\t\t\tGrachtenhaus Amsterdam\t\t\t\t\t<\/a>\n\t\t\t\t<\/h4>\n\t\t\t\n\t\t\t\t\t\t\t\t\n\t\t\n\t\t\t\t\t\t<a class=\"fusion-link-wrapper\" href=\"https:\/\/www.proest-gmbh.de\/en\/project\/grachtenhaus-amsterdam\/?portfolioCats=94\" aria-label=\"Grachtenhaus Amsterdam\"><\/a>\n\t<\/div>\n<\/div>\n<\/div>\n<\/div><\/article><article id=\"portfolio-1-post-3821\" class=\"fusion-portfolio-post living residential-en fusion-col-spacing post-3821\"><div class=\"fusion-portfolio-content-wrapper\" style=\"border:none;\"><span class=\"entry-title rich-snippet-hidden\">Villa Haarlem<\/span><span class=\"vcard rich-snippet-hidden\"><span class=\"fn\"><a href=\"https:\/\/www.proest-gmbh.de\/en\/author\/jens\/\" title=\"Posts by K\u00c4SE+SENF\" rel=\"author\">K\u00c4SE+SENF<\/a><\/span><\/span><span class=\"updated rich-snippet-hidden\">2025-05-28T16:02:42+02:00<\/span><div  class=\"fusion-image-wrapper fusion-image-size-fixed\" aria-haspopup=\"true\">\n\t\t\t\t<img decoding=\"async\" width=\"600\" height=\"600\" src=\"https:\/\/www.proest-gmbh.de\/wp-content\/uploads\/01-proest-interior-kuechenblock-aus-fiore-di-bosco-in-abwicklung-mit-kuechenrueckwand-aus-raeuchereiche-und-beleuchtetem-stahlregal-ueber-der-kueche-mit-quooker-1-600x600.jpg\" class=\"attachment-portfolio-three size-portfolio-three wp-post-image\" alt=\"K\u00fcchenblock aus FIORE DI BOSCO in Abwicklung mit K\u00fcchenr\u00fcckwand aus R\u00e4uchereiche und beleuchtetem Stahlregal \u00fcber der K\u00fcche mit Quooker Wasserhahn\" srcset=\"https:\/\/www.proest-gmbh.de\/wp-content\/uploads\/01-proest-interior-kuechenblock-aus-fiore-di-bosco-in-abwicklung-mit-kuechenrueckwand-aus-raeuchereiche-und-beleuchtetem-stahlregal-ueber-der-kueche-mit-quooker-1-66x66.jpg 66w, https:\/\/www.proest-gmbh.de\/wp-content\/uploads\/01-proest-interior-kuechenblock-aus-fiore-di-bosco-in-abwicklung-mit-kuechenrueckwand-aus-raeuchereiche-und-beleuchtetem-stahlregal-ueber-der-kueche-mit-quooker-1-150x150.jpg 150w, https:\/\/www.proest-gmbh.de\/wp-content\/uploads\/01-proest-interior-kuechenblock-aus-fiore-di-bosco-in-abwicklung-mit-kuechenrueckwand-aus-raeuchereiche-und-beleuchtetem-stahlregal-ueber-der-kueche-mit-quooker-1-600x600.jpg 600w\" sizes=\"(max-width: 600px) 100vw, 600px\" \/><div class=\"fusion-rollover\">\n\t<div class=\"fusion-rollover-content\">\n\n\t\t\t\t\n\t\t\n\t\t\t\t\t\t\t\t\t\t\t\t<h4 class=\"fusion-rollover-title\">\n\t\t\t\t\t<a class=\"fusion-rollover-title-link\" href=\"https:\/\/www.proest-gmbh.de\/en\/project\/villa-haarlem\/?portfolioCats=94\">\n\t\t\t\t\t\tVilla Haarlem\t\t\t\t\t<\/a>\n\t\t\t\t<\/h4>\n\t\t\t\n\t\t\t\t\t\t\t\t\n\t\t\n\t\t\t\t\t\t<a class=\"fusion-link-wrapper\" href=\"https:\/\/www.proest-gmbh.de\/en\/project\/villa-haarlem\/?portfolioCats=94\" aria-label=\"Villa Haarlem\"><\/a>\n\t<\/div>\n<\/div>\n<\/div>\n<\/div><\/article><article id=\"portfolio-1-post-3813\" class=\"fusion-portfolio-post living residential-en fusion-col-spacing post-3813\"><div class=\"fusion-portfolio-content-wrapper\" style=\"border:none;\"><span class=\"entry-title rich-snippet-hidden\">Villa D\u00fcsseldorf<\/span><span class=\"vcard rich-snippet-hidden\"><span class=\"fn\"><a href=\"https:\/\/www.proest-gmbh.de\/en\/author\/jens\/\" title=\"Posts by K\u00c4SE+SENF\" rel=\"author\">K\u00c4SE+SENF<\/a><\/span><\/span><span class=\"updated rich-snippet-hidden\">2025-05-28T16:02:58+02:00<\/span><div  class=\"fusion-image-wrapper fusion-image-size-fixed\" aria-haspopup=\"true\">\n\t\t\t\t<img decoding=\"async\" width=\"600\" height=\"600\" src=\"https:\/\/www.proest-gmbh.de\/wp-content\/uploads\/01-proest-interior-mittelraummoebel-weiss-lackiert-mit-messinggriffen-und-lisenen-vor-einbauschrank-in-villa-600x600.webp\" class=\"attachment-portfolio-three size-portfolio-three wp-post-image\" alt=\"\" srcset=\"https:\/\/www.proest-gmbh.de\/wp-content\/uploads\/01-proest-interior-mittelraummoebel-weiss-lackiert-mit-messinggriffen-und-lisenen-vor-einbauschrank-in-villa-150x150.webp 150w, https:\/\/www.proest-gmbh.de\/wp-content\/uploads\/01-proest-interior-mittelraummoebel-weiss-lackiert-mit-messinggriffen-und-lisenen-vor-einbauschrank-in-villa-600x600.webp 600w\" sizes=\"(max-width: 600px) 100vw, 600px\" \/><div class=\"fusion-rollover\">\n\t<div class=\"fusion-rollover-content\">\n\n\t\t\t\t\n\t\t\n\t\t\t\t\t\t\t\t\t\t\t\t<h4 class=\"fusion-rollover-title\">\n\t\t\t\t\t<a class=\"fusion-rollover-title-link\" href=\"https:\/\/www.proest-gmbh.de\/en\/project\/villa-duesseldorf\/?portfolioCats=94\">\n\t\t\t\t\t\tVilla D\u00fcsseldorf\t\t\t\t\t<\/a>\n\t\t\t\t<\/h4>\n\t\t\t\n\t\t\t\t\t\t\t\t\n\t\t\n\t\t\t\t\t\t<a class=\"fusion-link-wrapper\" href=\"https:\/\/www.proest-gmbh.de\/en\/project\/villa-duesseldorf\/?portfolioCats=94\" aria-label=\"Villa D\u00fcsseldorf\"><\/a>\n\t<\/div>\n<\/div>\n<\/div>\n<\/div><\/article><article id=\"portfolio-1-post-3804\" class=\"fusion-portfolio-post living residential-en fusion-col-spacing post-3804\"><div class=\"fusion-portfolio-content-wrapper\" style=\"border:none;\"><span class=\"entry-title rich-snippet-hidden\">Villa Noordholland<\/span><span class=\"vcard rich-snippet-hidden\"><span class=\"fn\"><a href=\"https:\/\/www.proest-gmbh.de\/en\/author\/jens\/\" title=\"Posts by K\u00c4SE+SENF\" rel=\"author\">K\u00c4SE+SENF<\/a><\/span><\/span><span class=\"updated rich-snippet-hidden\">2025-05-28T16:03:17+02:00<\/span><div  class=\"fusion-image-wrapper fusion-image-size-fixed\" aria-haspopup=\"true\">\n\t\t\t\t<img decoding=\"async\" width=\"600\" height=\"600\" src=\"https:\/\/www.proest-gmbh.de\/wp-content\/uploads\/01-proest-interior-wohnzimmerschrank-mit-farrow-ball-lack-und-lederfronten-messingumrandet-600x600.webp\" class=\"attachment-portfolio-three size-portfolio-three wp-post-image\" alt=\"\" srcset=\"https:\/\/www.proest-gmbh.de\/wp-content\/uploads\/01-proest-interior-wohnzimmerschrank-mit-farrow-ball-lack-und-lederfronten-messingumrandet-150x150.webp 150w, https:\/\/www.proest-gmbh.de\/wp-content\/uploads\/01-proest-interior-wohnzimmerschrank-mit-farrow-ball-lack-und-lederfronten-messingumrandet-600x600.webp 600w\" sizes=\"(max-width: 600px) 100vw, 600px\" \/><div class=\"fusion-rollover\">\n\t<div class=\"fusion-rollover-content\">\n\n\t\t\t\t\n\t\t\n\t\t\t\t\t\t\t\t\t\t\t\t<h4 class=\"fusion-rollover-title\">\n\t\t\t\t\t<a class=\"fusion-rollover-title-link\" href=\"https:\/\/www.proest-gmbh.de\/en\/project\/villa-noordholland\/?portfolioCats=94\">\n\t\t\t\t\t\tVilla Noordholland\t\t\t\t\t<\/a>\n\t\t\t\t<\/h4>\n\t\t\t\n\t\t\t\t\t\t\t\t\n\t\t\n\t\t\t\t\t\t<a class=\"fusion-link-wrapper\" href=\"https:\/\/www.proest-gmbh.de\/en\/project\/villa-noordholland\/?portfolioCats=94\" aria-label=\"Villa Noordholland\"><\/a>\n\t<\/div>\n<\/div>\n<\/div>\n<\/div><\/article><article id=\"portfolio-1-post-3796\" class=\"fusion-portfolio-post living residential-en fusion-col-spacing post-3796\"><div class=\"fusion-portfolio-content-wrapper\" style=\"border:none;\"><span class=\"entry-title rich-snippet-hidden\">Luxushaus Amsterdam<\/span><span class=\"vcard rich-snippet-hidden\"><span class=\"fn\"><a href=\"https:\/\/www.proest-gmbh.de\/en\/author\/jens\/\" title=\"Posts by K\u00c4SE+SENF\" rel=\"author\">K\u00c4SE+SENF<\/a><\/span><\/span><span class=\"updated rich-snippet-hidden\">2025-05-28T16:03:35+02:00<\/span><div  class=\"fusion-image-wrapper fusion-image-size-fixed\" aria-haspopup=\"true\">\n\t\t\t\t<img decoding=\"async\" width=\"600\" height=\"600\" src=\"https:\/\/www.proest-gmbh.de\/wp-content\/uploads\/01-proest-interior-kueche-mit-lackfronten-gaggenau-geraeten-und-eiche-esstisch-in-amsterdam-600x600.webp\" class=\"attachment-portfolio-three size-portfolio-three wp-post-image\" alt=\"\" srcset=\"https:\/\/www.proest-gmbh.de\/wp-content\/uploads\/01-proest-interior-kueche-mit-lackfronten-gaggenau-geraeten-und-eiche-esstisch-in-amsterdam-150x150.webp 150w, https:\/\/www.proest-gmbh.de\/wp-content\/uploads\/01-proest-interior-kueche-mit-lackfronten-gaggenau-geraeten-und-eiche-esstisch-in-amsterdam-600x600.webp 600w\" sizes=\"(max-width: 600px) 100vw, 600px\" \/><div class=\"fusion-rollover\">\n\t<div class=\"fusion-rollover-content\">\n\n\t\t\t\t\n\t\t\n\t\t\t\t\t\t\t\t\t\t\t\t<h4 class=\"fusion-rollover-title\">\n\t\t\t\t\t<a class=\"fusion-rollover-title-link\" href=\"https:\/\/www.proest-gmbh.de\/en\/project\/luxushaus-amsterdam\/?portfolioCats=94\">\n\t\t\t\t\t\tLuxushaus Amsterdam\t\t\t\t\t<\/a>\n\t\t\t\t<\/h4>\n\t\t\t\n\t\t\t\t\t\t\t\t\n\t\t\n\t\t\t\t\t\t<a class=\"fusion-link-wrapper\" href=\"https:\/\/www.proest-gmbh.de\/en\/project\/luxushaus-amsterdam\/?portfolioCats=94\" aria-label=\"Luxushaus Amsterdam\"><\/a>\n\t<\/div>\n<\/div>\n<\/div>\n<\/div><\/article><article id=\"portfolio-1-post-3787\" class=\"fusion-portfolio-post living residential-en fusion-col-spacing post-3787\"><div class=\"fusion-portfolio-content-wrapper\" style=\"border:none;\"><span class=\"entry-title rich-snippet-hidden\">Bungalow Niederrhein<\/span><span class=\"vcard rich-snippet-hidden\"><span class=\"fn\"><a href=\"https:\/\/www.proest-gmbh.de\/en\/author\/jens\/\" title=\"Posts by K\u00c4SE+SENF\" rel=\"author\">K\u00c4SE+SENF<\/a><\/span><\/span><span class=\"updated rich-snippet-hidden\">2025-05-28T16:03:44+02:00<\/span><div  class=\"fusion-image-wrapper fusion-image-size-fixed\" aria-haspopup=\"true\">\n\t\t\t\t<img decoding=\"async\" width=\"600\" height=\"600\" src=\"https:\/\/www.proest-gmbh.de\/wp-content\/uploads\/01-proest-interior-kuechenblock-weisslack-mit-nero-assoluto-und-kochfeld-im-bungalow-600x600.webp\" class=\"attachment-portfolio-three size-portfolio-three wp-post-image\" alt=\"\" srcset=\"https:\/\/www.proest-gmbh.de\/wp-content\/uploads\/01-proest-interior-kuechenblock-weisslack-mit-nero-assoluto-und-kochfeld-im-bungalow-150x150.webp 150w, https:\/\/www.proest-gmbh.de\/wp-content\/uploads\/01-proest-interior-kuechenblock-weisslack-mit-nero-assoluto-und-kochfeld-im-bungalow-600x600.webp 600w\" sizes=\"(max-width: 600px) 100vw, 600px\" \/><div class=\"fusion-rollover\">\n\t<div class=\"fusion-rollover-content\">\n\n\t\t\t\t\n\t\t\n\t\t\t\t\t\t\t\t\t\t\t\t<h4 class=\"fusion-rollover-title\">\n\t\t\t\t\t<a class=\"fusion-rollover-title-link\" href=\"https:\/\/www.proest-gmbh.de\/en\/project\/bungalow-niederrhein\/?portfolioCats=94\">\n\t\t\t\t\t\tBungalow Niederrhein\t\t\t\t\t<\/a>\n\t\t\t\t<\/h4>\n\t\t\t\n\t\t\t\t\t\t\t\t\n\t\t\n\t\t\t\t\t\t<a class=\"fusion-link-wrapper\" href=\"https:\/\/www.proest-gmbh.de\/en\/project\/bungalow-niederrhein\/?portfolioCats=94\" aria-label=\"Bungalow Niederrhein\"><\/a>\n\t<\/div>\n<\/div>\n<\/div>\n<\/div><\/article><article id=\"portfolio-1-post-3769\" class=\"fusion-portfolio-post living residential-en fusion-col-spacing post-3769\"><div class=\"fusion-portfolio-content-wrapper\" style=\"border:none;\"><span class=\"entry-title rich-snippet-hidden\">Loft Niederrhein<\/span><span class=\"vcard rich-snippet-hidden\"><span class=\"fn\"><a href=\"https:\/\/www.proest-gmbh.de\/en\/author\/jens\/\" title=\"Posts by K\u00c4SE+SENF\" rel=\"author\">K\u00c4SE+SENF<\/a><\/span><\/span><span class=\"updated rich-snippet-hidden\">2025-05-28T16:03:53+02:00<\/span><div  class=\"fusion-image-wrapper fusion-image-size-fixed\" aria-haspopup=\"true\">\n\t\t\t\t<img decoding=\"async\" width=\"600\" height=\"600\" src=\"https:\/\/www.proest-gmbh.de\/wp-content\/uploads\/01-proest-interior-eiche-furnierter-loftausbau-kleve-mit-hochwertigem-mobiliar-600x600.webp\" class=\"attachment-portfolio-three size-portfolio-three wp-post-image\" alt=\"\" srcset=\"https:\/\/www.proest-gmbh.de\/wp-content\/uploads\/01-proest-interior-eiche-furnierter-loftausbau-kleve-mit-hochwertigem-mobiliar-150x150.webp 150w, https:\/\/www.proest-gmbh.de\/wp-content\/uploads\/01-proest-interior-eiche-furnierter-loftausbau-kleve-mit-hochwertigem-mobiliar-600x600.webp 600w\" sizes=\"(max-width: 600px) 100vw, 600px\" \/><div class=\"fusion-rollover\">\n\t<div class=\"fusion-rollover-content\">\n\n\t\t\t\t\n\t\t\n\t\t\t\t\t\t\t\t\t\t\t\t<h4 class=\"fusion-rollover-title\">\n\t\t\t\t\t<a class=\"fusion-rollover-title-link\" href=\"https:\/\/www.proest-gmbh.de\/en\/project\/loft-niederrhein\/?portfolioCats=94\">\n\t\t\t\t\t\tLoft Niederrhein\t\t\t\t\t<\/a>\n\t\t\t\t<\/h4>\n\t\t\t\n\t\t\t\t\t\t\t\t\n\t\t\n\t\t\t\t\t\t<a class=\"fusion-link-wrapper\" href=\"https:\/\/www.proest-gmbh.de\/en\/project\/loft-niederrhein\/?portfolioCats=94\" aria-label=\"Loft Niederrhein\"><\/a>\n\t<\/div>\n<\/div>\n<\/div>\n<\/div><\/article><\/div><\/div><\/div><\/div><\/div><\/div>\n","protected":false},"excerpt":{"rendered":"","protected":false},"author":1,"featured_media":0,"parent":0,"menu_order":0,"comment_status":"closed","ping_status":"closed","template":"100-width.php","meta":{"_seopress_robots_primary_cat":"","_seopress_titles_title":"","_seopress_titles_desc":"","_seopress_robots_index":"","footnotes":""},"class_list":["post-3674","page","type-page","status-publish"],"_links":{"self":[{"href":"https:\/\/www.proest-gmbh.de\/en\/wp-json\/wp\/v2\/pages\/3674","targetHints":{"allow":["GET"]}}],"collection":[{"href":"https:\/\/www.proest-gmbh.de\/en\/wp-json\/wp\/v2\/pages"}],"about":[{"href":"https:\/\/www.proest-gmbh.de\/en\/wp-json\/wp\/v2\/types\/page"}],"author":[{"embeddable":true,"href":"https:\/\/www.proest-gmbh.de\/en\/wp-json\/wp\/v2\/users\/1"}],"replies":[{"embeddable":true,"href":"https:\/\/www.proest-gmbh.de\/en\/wp-json\/wp\/v2\/comments?post=3674"}],"version-history":[{"count":6,"href":"https:\/\/www.proest-gmbh.de\/en\/wp-json\/wp\/v2\/pages\/3674\/revisions"}],"predecessor-version":[{"id":5111,"href":"https:\/\/www.proest-gmbh.de\/en\/wp-json\/wp\/v2\/pages\/3674\/revisions\/5111"}],"wp:attachment":[{"href":"https:\/\/www.proest-gmbh.de\/en\/wp-json\/wp\/v2\/media?parent=3674"}],"curies":[{"name":"wp","href":"https:\/\/api.w.org\/{rel}","templated":true}]}}