{"id":3651,"date":"2021-02-11T08:18:59","date_gmt":"2021-02-11T07:18:59","guid":{"rendered":"https:\/\/www.proest-gmbh.de\/?page_id=3651"},"modified":"2021-02-11T08:18:59","modified_gmt":"2021-02-11T07:18:59","slug":"over-ons","status":"publish","type":"page","link":"https:\/\/www.proest-gmbh.de\/nl\/over-ons\/","title":{"rendered":"Over ons"},"content":{"rendered":"<div class=\"fusion-fullwidth fullwidth-box fusion-builder-row-1 fusion-flex-container nonhundred-percent-fullwidth non-hundred-percent-height-scrolling\" style=\"--awb-border-radius-top-left:0px;--awb-border-radius-top-right:0px;--awb-border-radius-bottom-right:0px;--awb-border-radius-bottom-left:0px;--awb-flex-wrap:wrap;\" ><div class=\"fusion-builder-row fusion-row fusion-flex-align-items-flex-start fusion-flex-content-wrap\" style=\"max-width:1372.8px;margin-left: calc(-4% \/ 2 );margin-right: calc(-4% \/ 2 );\"><div class=\"fusion-layout-column fusion_builder_column fusion-builder-column-0 fusion_builder_column_1_1 1_1 fusion-flex-column\" style=\"--awb-bg-size:cover;--awb-width-large:100%;--awb-margin-top-large:0px;--awb-spacing-right-large:1.92%;--awb-margin-bottom-large:20px;--awb-spacing-left-large:1.92%;--awb-width-medium:100%;--awb-order-medium:0;--awb-spacing-right-medium:1.92%;--awb-spacing-left-medium:1.92%;--awb-width-small:100%;--awb-order-small:0;--awb-spacing-right-small:1.92%;--awb-spacing-left-small:1.92%;\"><div class=\"fusion-column-wrapper fusion-column-has-shadow fusion-flex-justify-content-flex-start fusion-content-layout-column\"><div class=\"fusion-title title fusion-title-1 fusion-sep-none fusion-title-text fusion-title-size-one\" style=\"--awb-margin-top-small:10px;--awb-margin-right-small:0px;--awb-margin-bottom-small:10px;--awb-margin-left-small:0px;\"><h1 class=\"fusion-title-heading title-heading-left\" style=\"margin:0;\">About<\/h1><\/div><div class=\"fusion-title title fusion-title-2 fusion-sep-none fusion-title-text fusion-title-size-two\" style=\"--awb-margin-top-small:10px;--awb-margin-right-small:0px;--awb-margin-bottom-small:10px;--awb-margin-left-small:0px;\"><h2 class=\"fusion-title-heading title-heading-left\" style=\"margin:0;\">Individuelles M\u00f6beldesign und perfekter Innenausbau ist seit 1927 die Handschrift von Proest Objekteinrichtungen.<\/h2><\/div><div class=\"fusion-title title fusion-title-3 fusion-sep-none fusion-title-text fusion-title-size-three\" style=\"--awb-margin-top-small:10px;--awb-margin-right-small:0px;--awb-margin-bottom-small:10px;--awb-margin-left-small:0px;\"><h3 class=\"fusion-title-heading title-heading-left\" style=\"margin:0;\">Wir bauen auf Tradition und setzen Trends, ohne die urspr\u00fcnglichen Wurzeln zu vergessen.<\/h3><\/div><div class=\"fusion-text fusion-text-1\"><p>Handwerkliche Ma\u00dfarbeit, Kundenn\u00e4he und die Verarbeitung qualitativ hochwertiger Produkte stehen stets an erster Stelle.<\/p>\n<p>Wir vereinen handwerkliche Tradition und Fertigungskunst mit modernen und rationellen Herstellungstechniken.<\/p>\n<p>Sich in einer Umgebung zu bewegen, in der man sich hundertprozentig wohlf\u00fchlt, ist ein Privileg. Diese zu entwickeln, ist ein Prozess, der meist mit einer langen Suche verbunden ist.<\/p>\n<p>Wir von Proest Objekteinrichtungen erm\u00f6glichen es Ihnen, diesen Prozess so einfach wie m\u00f6glich zu gestalten. Dies verwirklichen wir durch unseren hohen Anspruch an uns selbst, durch die kompromisslose Umsetzung Ihrer Vorstellung sowie durch unser hervorragendes Team, das Sie bei Ihrem Vorhaben unterst\u00fctzt und begleitet.<\/p>\n<p><strong>Unsere Arbeiten zeichnen sich durch exklusive Gestaltung und Form aus und sind mit Sicherheit ein Blickfang in Ihrem Zuhause.<\/strong><\/p>\n<p>Unsere Passion ist es Raumkonzepte auf h\u00f6chstem Niveau, zugeschnitten auf die Bed\u00fcrfnisse unserer Kunden, zu entwickeln und umzusetzen.<\/p>\n<p>Mit dem Auge f\u00fcr das Detail und unter Ber\u00fccksichtigung auch unausgesprochener W\u00fcnsche begeistern wir bei der Entwicklung unserer M\u00f6bel durch Individualit\u00e4t, Eleganz und Exklusivit\u00e4t.<\/p>\n<p>Individuell gestaltete Wohnkonzepte, pfiffige Details und Funktionsl\u00f6sungen, exklusive Materialauswahl, Einzelfertigung nach Ma\u00df, P\u00fcnktlichkeit und handwerkliche Qualit\u00e4t zu einem fairen Preis sind unsere St\u00e4rken.<\/p>\n<p><strong>In unserer Verantwortung gegen\u00fcber der Umwelt setzen wir unsere Werkstoffe und Ressourcen so schonend wie m\u00f6glich ein.<\/strong> Beispielsweise wird der Holzschnitt durch eine hochmoderne CNC-Zuschnitts\u00e4ge mit Schnittoptimierung gesteuert, mit der ein kleinstm\u00f6glicher Verschnitt des Materials erzielt wird.<\/p>\n<p>\u00dcbersch\u00fcssiges Material wird zerspant und unserer Feststoffheizung zugef\u00fchrt. Auch bei unserer Stromversorgung verzichten wir komplett auf fossile Brennstoffe. Wir haben uns daf\u00fcr entschieden, unsere Energie aus Wasserkraft zu beziehen.<\/p>\n<p>Bei unseren Holzwerkstoffen ist es uns m\u00f6glich, auf Kundenwunsch zertifizierte Materialien zu verwenden sowie auf Natur\u00f6le, -lacke und \u2013wachse zur\u00fcckzugreifen, um Ihnen somit ein zu 100 Prozent \u00f6kologisch hergestelltes M\u00f6belst\u00fcck anzubieten.<\/p>\n<p>Jedes Projekt ist anders und jeder Kunde hat andere Vorstellungen. Um diese umzusetzen, verwenden wir eine moderne 3D CAD\/CAM Software, die uns erm\u00f6glicht, die komplexesten Formen dreidimensional zu verwirklichen.<\/p>\n<p><strong>Durch die direkte Anbindung an unsere ERP Software und deren Direktverbindungen zu unseren S\u00e4gen und CNC Maschinen, arbeiten wir kosteneffizient und pr\u00e4zise.<\/strong><\/p>\n<p>Unser Fachpersonal verarbeitet die unterschiedlichsten Materialien millimetergenau.<\/p>\n<p><strong>Jedes M\u00f6bel ist bei uns ein Unikat und garantiert von Hand montiert.<\/strong><\/p>\n<\/div><\/div><\/div><\/div><\/div>\n","protected":false},"excerpt":{"rendered":"","protected":false},"author":1,"featured_media":0,"parent":0,"menu_order":0,"comment_status":"closed","ping_status":"closed","template":"","meta":{"_seopress_robots_primary_cat":"","_seopress_titles_title":"","_seopress_titles_desc":"","_seopress_robots_index":"","footnotes":""},"class_list":["post-3651","page","type-page","status-publish"],"_links":{"self":[{"href":"https:\/\/www.proest-gmbh.de\/nl\/wp-json\/wp\/v2\/pages\/3651","targetHints":{"allow":["GET"]}}],"collection":[{"href":"https:\/\/www.proest-gmbh.de\/nl\/wp-json\/wp\/v2\/pages"}],"about":[{"href":"https:\/\/www.proest-gmbh.de\/nl\/wp-json\/wp\/v2\/types\/page"}],"author":[{"embeddable":true,"href":"https:\/\/www.proest-gmbh.de\/nl\/wp-json\/wp\/v2\/users\/1"}],"replies":[{"embeddable":true,"href":"https:\/\/www.proest-gmbh.de\/nl\/wp-json\/wp\/v2\/comments?post=3651"}],"version-history":[{"count":2,"href":"https:\/\/www.proest-gmbh.de\/nl\/wp-json\/wp\/v2\/pages\/3651\/revisions"}],"predecessor-version":[{"id":3654,"href":"https:\/\/www.proest-gmbh.de\/nl\/wp-json\/wp\/v2\/pages\/3651\/revisions\/3654"}],"wp:attachment":[{"href":"https:\/\/www.proest-gmbh.de\/nl\/wp-json\/wp\/v2\/media?parent=3651"}],"curies":[{"name":"wp","href":"https:\/\/api.w.org\/{rel}","templated":true}]}}